{"id":17,"date":"2022-03-25T09:55:29","date_gmt":"2022-03-25T09:55:29","guid":{"rendered":"http:\/\/localhost\/yootheme-pro\/2019\/Balou\/Website_WP\/index.php\/home\/"},"modified":"2022-09-26T13:00:41","modified_gmt":"2022-09-26T13:00:41","slug":"home","status":"publish","type":"page","link":"https:\/\/www.heratech.ch\/","title":{"rendered":"Home"},"content":{"rendered":"<ul>\n<li>\n<p>        <img decoding=\"async\" src=\"\/wp-content\/uploads\/home-slideshow-01-1.png\" alt=\"\"><\/p>\n<h2>ELEKTRISCH LEITENDE KUNSTSTOFFE<\/h2>\n<p><span style=\"background-color: #fc000030;\"> &#8222;Zur Erreichung der heute <br \/>vorgeschriebenen EMV-Abschirmungswerte <br \/>bei Kunststoffgeh\u00e4usen&#8220; <\/span><\/p>\n<\/li>\n<li>\n<p>        <img decoding=\"async\" src=\"\/wp-content\/uploads\/home-slideshow-02-1.png\" alt=\"\"><\/p>\n<h2>HOCHLEISTUNGS KUNSTSTOFFE<\/h2>\n<p><span style=\"background-color: #fc000030;\"> &#8222;hergestellt aus Hochleistungswerkstoffen <br \/>f\u00fcr die unterschiedlichsten Hochleistungsbereiche erobern stets neue Anwendungsgebiete.&#8220; <\/span><\/p>\n<\/li>\n<li>\n<p>        <img decoding=\"async\" src=\"\/wp-content\/uploads\/home-slideshow-03-1.png\" alt=\"\"><\/p>\n<h2>KUNSTSTOFFE F\u00dcR DIE MEDIZIN<\/h2>\n<p><span style=\"background-color: #fc000030;\"> &#8222;HERA Lyss GmbH&#8220; <\/span><\/p>\n<\/li>\n<li>\n<p>        <img decoding=\"async\" src=\"\/wp-content\/uploads\/home-slideshow-02-1.png\" alt=\"\"><\/p>\n<h2>SPEZIAL KUNSTSTOFFE<\/h2>\n<p><span style=\"background-color: #fc000030;\"> &#8222;HERA Lyss GmbH&#8220; <\/span><\/p>\n<\/li>\n<\/ul>\n<ul>\n<li>\n        <a href=\"\/index.php?page_id=19\">Zertifizierung<\/a>\n    <\/li>\n<li>\n        <a href=\"\/?page_id=23\">Kontakt<\/a>\n    <\/li>\n<\/ul>\n<h2>herzlich willkommen auf unserer Website<\/h2>\n<div><span>Here you can find out more<br \/>\u00a0<\/p>\n<p><\/span><\/div>\n<ul>\n<li>\n<p>        <img decoding=\"async\" src=\"\/wp-content\/uploads\/home-products-01-1.jpg\" alt=\"BAUGRUPPEN\"><\/p>\n<h3>BAUGRUPPEN<\/h3>\n<p><a href=\"\/index.php?page_id=20\"><\/a><\/p>\n<\/li>\n<li>\n<p>        <img decoding=\"async\" src=\"\/wp-content\/uploads\/home-products-02-1.jpg\" alt=\"HOCHLEISTUNGSKUNSTSTOFFE\"><\/p>\n<h3>HOCHLEISTUNGSKUNSTSTOFFE<\/h3>\n<p><a href=\"\/index.php?page_id=256\"><\/a><\/p>\n<\/li>\n<li>\n<p>        <img decoding=\"async\" src=\"\/wp-content\/uploads\/home-products-03-1.jpg\" alt=\"KUNSTSTOFFE F\u00dcR DIE MEDIZIN\"><\/p>\n<h3>KUNSTSTOFFE F\u00dcR DIE MEDIZIN<\/h3>\n<p><a href=\"\/index.php?page_id=259\"><\/a><\/p>\n<\/li>\n<li>\n<p>        <img decoding=\"async\" src=\"\/wp-content\/uploads\/home-products-04-1.jpg\" alt=\"MIKROSPRITZGUSS\"><\/p>\n<h3>MIKROSPRITZGUSS<\/h3>\n<p><a href=\"\/index.php?page_id=254\"><\/a><\/p>\n<\/li>\n<li>\n<p>        <img decoding=\"async\" src=\"\/wp-content\/uploads\/home-products-05-1.jpg\" alt=\"ELEKTRISCH LEITENDE KUNSTSTOFFE\"><\/p>\n<h3>ELEKTRISCH LEITENDE KUNSTSTOFFE<\/h3>\n<div>\n<h6>\u2713 EMI Abschirmung<br \/>\u2713 EX-Teile\/Geh\u00e4use<\/h6>\n<\/div>\n<p><a href=\"\/index.php?page_id=264\"><\/a><\/p>\n<\/li>\n<li>\n<p>        <img decoding=\"async\" src=\"\/wp-content\/uploads\/home-products-06-1.jpg\" alt=\"HOCHTEMPERATUR KUNSTSTOFFE\"><\/p>\n<h3>HOCHTEMPERATUR KUNSTSTOFFE<\/h3>\n<p><a href=\"\/index.php?page_id=266\"><\/a><\/p>\n<\/li>\n<li>\n<p>        <img decoding=\"async\" src=\"\/wp-content\/uploads\/home-products-07.jpg\" alt=\"SPEZIAL KUNSTSTOFFE\"><\/p>\n<h3>SPEZIAL KUNSTSTOFFE<\/h3>\n<p><a href=\"\/index.php?page_id=268\"><\/a><\/p>\n<\/li>\n<\/ul>\n<p><!--more--><br \/>\n<!-- {\"type\":\"layout\",\"children\":[{\"type\":\"section\",\"props\":{\"style\":\"primary\",\"width\":\"\",\"vertical_align\":\"middle\",\"title_position\":\"top-left\",\"title_rotation\":\"left\",\"title_breakpoint\":\"xl\",\"image_position\":\"center-center\",\"padding\":\"none\",\"header_transparent\":\"dark\",\"header_transparent_noplaceholder\":true,\"preserve_color\":false},\"children\":[{\"type\":\"row\",\"children\":[{\"type\":\"column\",\"props\":{\"image_position\":\"center-center\",\"media_overlay_gradient\":\"\",\"text_color\":\"light\",\"width_medium\":\"1-1\",\"position_sticky_breakpoint\":\"m\"},\"children\":[{\"type\":\"slideshow\",\"props\":{\"show_title\":true,\"show_meta\":true,\"show_content\":true,\"show_link\":true,\"show_thumbnail\":true,\"slideshow_min_height\":\"600\",\"slideshow_autoplay_pause\":true,\"nav\":\"dotnav\",\"nav_position\":\"bottom-center\",\"nav_position_margin\":\"medium\",\"nav_align\":\"center\",\"nav_breakpoint\":\"s\",\"thumbnav_width\":\"100\",\"thumbnav_height\":\"75\",\"thumbnav_svg_color\":\"emphasis\",\"slidenav\":\"\",\"slidenav_margin\":\"medium\",\"slidenav_breakpoint\":\"s\",\"slidenav_outside_breakpoint\":\"xl\",\"overlay_position\":\"center\",\"overlay_animation\":\"parallax\",\"title_element\":\"h2\",\"meta_style\":\"h4\",\"meta_align\":\"below-title\",\"link_text\":\"Read more\",\"link_style\":\"secondary\",\"margin\":\"remove-vertical\",\"slideshow_height\":\"percent\",\"text_color\":\"light\",\"slideshow_box_shadow\":\"\",\"slideshow_box_decoration\":\"\",\"slideshow_animation\":\"fade\",\"slideshow_kenburns\":\"\",\"nav_margin\":\"\",\"nav_color\":\"\",\"slidenav_outside_color\":\"\",\"overlay_container\":\"\",\"overlay_container_padding\":\"\",\"overlay_width\":\"\",\"title_style\":\"heading-xlarge\",\"meta_margin\":\"small\",\"content_style\":\"text-lead\",\"content_margin\":\"large\",\"link_size\":\"large\",\"link_margin\":\"xlarge\",\"text_align\":\"center\",\"animation\":\"parallax\",\"slideshow_autoplay\":true,\"slideshow_autoplay_interval\":\"5\",\"css\":\"@media (max-width: 640px) {\\n    .el-meta {\\n        display: none;\\n    }\\n}\",\"image_width\":\"1840\",\"meta_element\":\"div\",\"title_color\":\"danger\",\"nav_vertical\":false,\"visibility\":\"s\",\"parallax_easing\":\"1\"},\"children\":[{\"type\":\"slideshow_item\",\"props\":{\"image\":\"wp-content\\\/uploads\\\/home-slideshow-01-1.png\",\"title\":\"ELEKTRISCH LEITENDE KUNSTSTOFFE\",\"content\":\"\",\"meta\":\"<span style=\\\"background-color: #fc000030;\\\"> \\\"Zur Erreichung der heute <br \/>vorgeschriebenen EMV-Abschirmungswerte <br \/>bei Kunststoffgeh\\u00e4usen\\\" <\\\/span>\",\"link\":\"\"}},{\"type\":\"slideshow_item\",\"props\":{\"image\":\"wp-content\\\/uploads\\\/home-slideshow-02-1.png\",\"title\":\"HOCHLEISTUNGS KUNSTSTOFFE\",\"content\":\"\",\"meta\":\"<span style=\\\"background-color: #fc000030;\\\"> \\\"hergestellt aus Hochleistungswerkstoffen <br \/>f\\u00fcr die unterschiedlichsten Hochleistungsbereiche erobern stets neue Anwendungsgebiete.\\\" <\\\/span>\",\"link\":\"\"}},{\"type\":\"slideshow_item\",\"props\":{\"image\":\"wp-content\\\/uploads\\\/home-slideshow-03-1.png\",\"title\":\"KUNSTSTOFFE F\\u00dcR DIE MEDIZIN\",\"content\":\"\",\"meta\":\"<span style=\\\"background-color: #fc000030;\\\"> \\\"HERA Lyss GmbH\\\" <\\\/span>\",\"link\":\"\"}},{\"type\":\"slideshow_item\",\"props\":{\"image\":\"wp-content\\\/uploads\\\/home-slideshow-02-1.png\",\"title\":\"SPEZIAL KUNSTSTOFFE\",\"content\":\"\",\"meta\":\"<span style=\\\"background-color: #fc000030;\\\"> \\\"HERA Lyss GmbH\\\" <\\\/span>\",\"link\":\"\"}}]},{\"type\":\"button\",\"props\":{\"margin\":\"default\",\"button_size\":\"large\",\"position\":\"absolute\",\"position_z_index\":\"1\",\"text_align\":\"center\",\"position_bottom\":\"5vh\",\"grid_column_gap\":\"small\",\"grid_row_gap\":\"small\",\"visibility\":\"s\"},\"children\":[{\"type\":\"button_item\",\"props\":{\"button_style\":\"secondary\",\"icon_align\":\"left\",\"content\":\"Zertifizierung\",\"link\":\"index.php?page_id=19\",\"icon\":\"gitter\"}},{\"type\":\"button_item\",\"props\":{\"button_style\":\"primary\",\"icon_align\":\"left\",\"content\":\"Kontakt\",\"link\":\"?page_id=23\",\"icon\":\"mail\"}}]}]}]}],\"name\":\"Header Slider\"},{\"type\":\"section\",\"props\":{\"style\":\"default\",\"width\":\"xlarge\",\"vertical_align\":\"middle\",\"title_position\":\"top-left\",\"title_rotation\":\"left\",\"title_breakpoint\":\"xl\",\"image_position\":\"center-center\",\"padding\":\"large\",\"padding_remove_bottom\":false},\"children\":[{\"type\":\"row\",\"props\":{\"column_gap\":\"collapse\",\"row_gap\":\"collapse\"},\"children\":[{\"type\":\"column\",\"props\":{\"image_position\":\"center-center\",\"media_overlay_gradient\":\"\",\"position_sticky_breakpoint\":\"m\",\"width_medium\":\"\"},\"children\":[{\"type\":\"headline\",\"props\":{\"title_element\":\"h2\",\"title_style\":\"h1\",\"text_align\":\"center\",\"content\":\"herzlich willkommen auf unserer Website\",\"position_left\":\"0\"}},{\"type\":\"divider\",\"props\":{\"divider_element\":\"div\",\"divider_style\":\"small\",\"divider_align\":\"center\",\"divider_align_breakpoint\":\"\",\"divider_align_fallback\":\"\",\"margin\":\"medium\"}},{\"type\":\"headline\",\"props\":{\"title_element\":\"div\",\"content\":\"<span>Here you can find out more<br \\\/>\\u00a0<br \\\/><br \\\/><br \\\/><br \\\/><\\\/span>\",\"title_style\":\"h6\",\"title_color\":\"muted\",\"margin\":\"small\",\"text_align\":\"center\"}}]}]},{\"type\":\"row\",\"children\":[{\"type\":\"column\",\"props\":{\"image_position\":\"center-center\",\"media_overlay_gradient\":\"\",\"width_medium\":\"1-1\",\"position_sticky_breakpoint\":\"m\"},\"children\":[{\"type\":\"grid\",\"props\":{\"show_title\":true,\"show_meta\":true,\"show_content\":true,\"show_image\":true,\"show_link\":true,\"grid_default\":\"1\",\"grid_medium\":\"2\",\"filter_style\":\"tab\",\"filter_all\":true,\"filter_position\":\"top\",\"filter_align\":\"left\",\"filter_grid_width\":\"auto\",\"title_element\":\"h3\",\"title_align\":\"top\",\"title_grid_width\":\"1-2\",\"meta_style\":\"text-meta\",\"meta_align\":\"below-title\",\"image_align\":\"between\",\"image_grid_width\":\"1-2\",\"image_svg_color\":\"emphasis\",\"link_text\":\"\",\"link_style\":\"default\",\"margin\":\"default\",\"item_animation\":true,\"title_style\":\"h4\",\"text_align\":\"center\",\"image_width\":\"510\",\"title_hover_style\":\"heading\",\"image_transition\":\"scale-up\",\"filter_grid_breakpoint\":\"m\",\"title_grid_breakpoint\":\"m\",\"image_grid_breakpoint\":\"m\",\"panel_link\":true,\"icon_width\":80,\"meta_element\":\"div\",\"content_column_breakpoint\":\"m\",\"grid_large\":\"3\",\"animation\":true,\"parallax_easing\":\"1\"},\"children\":[{\"type\":\"grid_item\",\"props\":{\"title\":\"BAUGRUPPEN\",\"image\":\"wp-content\\\/uploads\\\/home-products-01-1.jpg\",\"link\":\"index.php?page_id=20\",\"image_alt\":\"BAUGRUPPEN\",\"link_text\":\"\",\"tags\":\"BAUGRUPPEN\",\"meta\":\"\"}},{\"type\":\"grid_item\",\"props\":{\"title\":\"HOCHLEISTUNGSKUNSTSTOFFE\",\"image\":\"wp-content\\\/uploads\\\/home-products-02-1.jpg\",\"link\":\"index.php?page_id=256\",\"image_alt\":\"HOCHLEISTUNGSKUNSTSTOFFE\",\"link_text\":\"\",\"tags\":\"HOCHLEISTUNGSKUNSTSTOFFE\",\"meta\":\"\"}},{\"type\":\"grid_item\",\"props\":{\"title\":\"KUNSTSTOFFE F\\u00dcR DIE MEDIZIN\",\"image\":\"wp-content\\\/uploads\\\/home-products-03-1.jpg\",\"link\":\"index.php?page_id=259\",\"meta\":\"\",\"link_text\":\"\",\"tags\":\"KUNSTSTOFFE F\\u00dcR DIE MEDIZIN\",\"image_alt\":\"KUNSTSTOFFE F\\u00dcR DIE MEDIZIN\"}},{\"type\":\"grid_item\",\"props\":{\"title\":\"MIKROSPRITZGUSS\",\"image\":\"wp-content\\\/uploads\\\/home-products-04-1.jpg\",\"link\":\"index.php?page_id=254\",\"link_text\":\"\",\"tags\":\"MIKROSPRITZGUSS\",\"image_alt\":\"MIKROSPRITZGUSS\"}},{\"type\":\"grid_item\",\"props\":{\"title\":\"ELEKTRISCH LEITENDE KUNSTSTOFFE\",\"image\":\"wp-content\\\/uploads\\\/home-products-05-1.jpg\",\"link\":\"index.php?page_id=264\",\"link_text\":\"\",\"content\":\"\n\n<h6>\\u2713 EMI Abschirmung<br \\\/>\\u2713 EX-Teile\\\/Geh\\u00e4use<\\\/h6>\",\"image_alt\":\"ELEKTRISCH LEITENDE KUNSTSTOFFE\",\"tags\":\"ELEKTRISCH LEITENDE KUNSTSTOFFE\"}},{\"type\":\"grid_item\",\"props\":{\"title\":\"HOCHTEMPERATUR KUNSTSTOFFE\",\"image\":\"wp-content\\\/uploads\\\/home-products-06-1.jpg\",\"link\":\"index.php?page_id=266\",\"image_alt\":\"HOCHTEMPERATUR KUNSTSTOFFE\",\"tags\":\"HOCHTEMPERATUR KUNSTSTOFFE\"}},{\"type\":\"grid_item\",\"props\":{\"title\":\"SPEZIAL KUNSTSTOFFE\",\"image\":\"wp-content\\\/uploads\\\/home-products-07.jpg\",\"link\":\"index.php?page_id=268\",\"image_alt\":\"SPEZIAL KUNSTSTOFFE\",\"tags\":\"SPEZIAL KUNSTSTOFFE\"}}]},{\"type\":\"totop\",\"props\":{\"title_grid_column_gap\":\"small\",\"title_grid_row_gap\":\"small\",\"margin\":\"default\",\"text_align\":\"right\"}}]}]}],\"name\":\"Willkommen\"}],\"version\":\"3.0.3\"} --><\/p>\n","protected":false},"excerpt":{"rendered":"<p>ELEKTRISCH LEITENDE KUNSTSTOFFE &#8222;Zur Erreichung der heute vorgeschriebenen EMV-Abschirmungswerte bei Kunststoffgeh\u00e4usen&#8220; HOCHLEISTUNGS KUNSTSTOFFE &#8222;hergestellt aus Hochleistungswerkstoffen f\u00fcr die unterschiedlichsten Hochleistungsbereiche erobern stets neue Anwendungsgebiete.&#8220; KUNSTSTOFFE F\u00dcR DIE MEDIZIN &#8222;HERA Lyss GmbH&#8220; SPEZIAL KUNSTSTOFFE &#8222;HERA Lyss GmbH&#8220; Zertifizierung Kontakt herzlich willkommen auf unserer Website Here you can find out more\u00a0 BAUGRUPPEN HOCHLEISTUNGSKUNSTSTOFFE KUNSTSTOFFE F\u00dcR DIE MEDIZIN [&hellip;]<\/p>\n","protected":false},"author":1,"featured_media":0,"parent":0,"menu_order":1,"comment_status":"closed","ping_status":"closed","template":"","meta":{"footnotes":""},"class_list":["post-17","page","type-page","status-publish","hentry"],"_links":{"self":[{"href":"https:\/\/www.heratech.ch\/index.php?rest_route=\/wp\/v2\/pages\/17","targetHints":{"allow":["GET"]}}],"collection":[{"href":"https:\/\/www.heratech.ch\/index.php?rest_route=\/wp\/v2\/pages"}],"about":[{"href":"https:\/\/www.heratech.ch\/index.php?rest_route=\/wp\/v2\/types\/page"}],"author":[{"embeddable":true,"href":"https:\/\/www.heratech.ch\/index.php?rest_route=\/wp\/v2\/users\/1"}],"replies":[{"embeddable":true,"href":"https:\/\/www.heratech.ch\/index.php?rest_route=%2Fwp%2Fv2%2Fcomments&post=17"}],"version-history":[{"count":63,"href":"https:\/\/www.heratech.ch\/index.php?rest_route=\/wp\/v2\/pages\/17\/revisions"}],"predecessor-version":[{"id":673,"href":"https:\/\/www.heratech.ch\/index.php?rest_route=\/wp\/v2\/pages\/17\/revisions\/673"}],"wp:attachment":[{"href":"https:\/\/www.heratech.ch\/index.php?rest_route=%2Fwp%2Fv2%2Fmedia&parent=17"}],"curies":[{"name":"wp","href":"https:\/\/api.w.org\/{rel}","templated":true}]}}