{"id":19,"date":"2022-03-25T09:55:29","date_gmt":"2022-03-25T09:55:29","guid":{"rendered":"http:\/\/localhost\/yootheme-pro\/2019\/Balou\/Website_WP\/index.php\/faq\/"},"modified":"2022-04-22T21:15:47","modified_gmt":"2022-04-22T21:15:47","slug":"zertifizierung","status":"publish","type":"page","link":"https:\/\/www.heratech.ch\/?page_id=19","title":{"rendered":"Zertifizierung"},"content":{"rendered":"<h1>ZERTIFIZIERUNG<\/h1>\n<h2>ISO 9001 ZERTIFIZIERUNG<\/h2>\n<p><img decoding=\"async\" src=\"\/wp-content\/uploads\/ISO_9001-1024x556-1.gif\" alt=\"ISO 9001 ZERTIFIZIERUNG\"><\/p>\n<div>\n<h3> Was ist die ISO 9001?<\/h3>\n<div>Die ISO 9001:2015 ist ein internationaler Standard f\u00fcr Qualit\u00e4tsmanagementsysteme, der in jedem Unternehmen und in jeder Branche angewendet werden kann. Diese Norm ist durch acht anerkannte Managementmerkmale gepr\u00e4gt: &#8211; Kundenorientierung &#8211; F\u00fchrung &#8211; Einbeziehung der Mitarbeiter &#8211; Prozessorientierung &#8211; Systemorientierung &#8211; St\u00e4ndige Verbesserung &#8211; Sachbezogener Ansatz zur Entscheidungsfindung &#8211; Lieferantenpartnerschaft<\/div>\n<\/div>\n<h2>Sie haben Interesse gefunden und m\u00f6chten mehr wissen?<\/h2>\n<p>\n    <a href=\"mailto:info@heratech.ch\">Kontaktieren Sie uns<\/a>\n<\/p>\n<p><!--more--><br \/>\n<!-- {\"type\":\"layout\",\"children\":[{\"type\":\"section\",\"props\":{\"style\":\"default\",\"width\":\"default\",\"vertical_align\":\"middle\",\"title_position\":\"top-left\",\"title_rotation\":\"left\",\"title_breakpoint\":\"xl\",\"image_position\":\"center-center\",\"padding\":\"large\",\"padding_remove_bottom\":false},\"children\":[{\"type\":\"row\",\"props\":{\"margin\":\"xlarge\"},\"children\":[{\"type\":\"column\",\"props\":{\"image_position\":\"center-center\",\"media_overlay_gradient\":\"\",\"width_medium\":\"1-1\",\"position_sticky_breakpoint\":\"m\"},\"children\":[{\"type\":\"headline\",\"props\":{\"title_element\":\"h1\",\"title_style\":\"h2\",\"text_align\":\"center\",\"content\":\"ZERTIFIZIERUNG\"}}]}]},{\"type\":\"row\",\"props\":{\"layout\":\"1-4,3-4\"},\"children\":[{\"type\":\"column\",\"props\":{\"image_position\":\"center-center\",\"media_overlay_gradient\":\"\",\"width_medium\":\"1-4\",\"position_sticky_breakpoint\":\"m\"},\"children\":[{\"type\":\"headline\",\"props\":{\"title_element\":\"h2\",\"title_style\":\"h5\",\"content\":\"ISO 9001 ZERTIFIZIERUNG\"}},{\"type\":\"image\",\"props\":{\"margin\":\"default\",\"image_svg_color\":\"emphasis\",\"image\":\"wp-content\\\/uploads\\\/ISO_9001-1024x556-1.gif\",\"image_alt\":\"ISO 9001 ZERTIFIZIERUNG\",\"animation\":\"fade\"}}]},{\"type\":\"column\",\"props\":{\"image_position\":\"center-center\",\"media_overlay_gradient\":\"\",\"width_medium\":\"3-4\",\"position_sticky_breakpoint\":\"m\"},\"children\":[{\"type\":\"description_list\",\"props\":{\"show_title\":true,\"show_meta\":true,\"show_content\":true,\"show_link\":true,\"layout\":\"grid-2\",\"meta_style\":\"meta\",\"meta_align\":\"below-content\",\"title_style\":\"h6\",\"title_color\":\"muted\",\"list_size\":\"large\",\"title_grid_column_gap\":\"\",\"title_grid_row_gap\":\"\",\"title_grid_breakpoint\":\"s\",\"title_grid_width\":\"medium\",\"title_element\":\"h3\",\"list_element\":\"ul\",\"column_breakpoint\":\"m\"},\"children\":[{\"type\":\"description_list_item\",\"props\":{\"title\":\" Was ist die ISO 9001?\",\"content\":\"Die ISO 9001:2015 ist ein internationaler Standard f\\u00fcr Qualit\\u00e4tsmanagementsysteme, der in jedem Unternehmen und in jeder Branche angewendet werden kann. Diese Norm ist durch acht anerkannte Managementmerkmale gepr\\u00e4gt: - Kundenorientierung - F\\u00fchrung - Einbeziehung der Mitarbeiter - Prozessorientierung - Systemorientierung - St\\u00e4ndige Verbesserung - Sachbezogener Ansatz zur Entscheidungsfindung - Lieferantenpartnerschaft\",\"meta\":\"\"}}]}]}]}],\"name\":\"Zertifizierung\"},{\"type\":\"section\",\"props\":{\"style\":\"primary\",\"width\":\"default\",\"vertical_align\":\"middle\",\"title_position\":\"top-left\",\"title_rotation\":\"left\",\"title_breakpoint\":\"xl\",\"image_position\":\"center-center\",\"padding\":\"large\",\"padding_remove_bottom\":false,\"padding_remove_top\":false,\"animation\":\"fade\"},\"children\":[{\"type\":\"row\",\"props\":{\"layout\":\"1-4,1-2,1-4\",\"margin\":\"xlarge\"},\"children\":[{\"type\":\"column\",\"props\":{\"image_position\":\"center-center\",\"media_overlay_gradient\":\"\",\"width_medium\":\"1-4\",\"position_sticky_breakpoint\":\"m\"},\"children\":[]},{\"type\":\"column\",\"props\":{\"image_position\":\"center-center\",\"media_overlay_gradient\":\"\",\"vertical_align\":\"middle\",\"width_medium\":\"1-2\",\"position_sticky_breakpoint\":\"m\"},\"children\":[{\"type\":\"headline\",\"props\":{\"title_element\":\"h2\",\"title_style\":\"h4\",\"text_align\":\"center\",\"margin\":\"medium\",\"content\":\"Sie haben Interesse gefunden und m\\u00f6chten mehr wissen?\"}},{\"type\":\"button\",\"props\":{\"margin\":\"default\",\"button_size\":\"large\",\"text_align\":\"center\",\"grid_column_gap\":\"\",\"grid_row_gap\":\"\"},\"children\":[{\"type\":\"button_item\",\"props\":{\"button_style\":\"default\",\"icon_align\":\"left\",\"content\":\"Kontaktieren Sie uns\",\"link\":\"mailto:info@heratech.ch\",\"icon\":\"mail\"}}]},{\"type\":\"totop\",\"props\":{\"title_grid_column_gap\":\"small\",\"title_grid_row_gap\":\"small\",\"margin\":\"default\",\"text_align\":\"right\"}}]},{\"type\":\"column\",\"props\":{\"image_position\":\"center-center\",\"media_overlay_gradient\":\"\",\"width_medium\":\"1-4\",\"position_sticky_breakpoint\":\"m\"},\"children\":[]}]}],\"name\":\"Fragen?\"}],\"version\":\"2.4.1\"} --><\/p>\n","protected":false},"excerpt":{"rendered":"<p>ZERTIFIZIERUNG ISO 9001 ZERTIFIZIERUNG Was ist die ISO 9001? Die ISO 9001:2015 ist ein internationaler Standard f\u00fcr Qualit\u00e4tsmanagementsysteme, der in jedem Unternehmen und in jeder Branche angewendet werden kann. Diese Norm ist durch acht anerkannte Managementmerkmale gepr\u00e4gt: &#8211; Kundenorientierung &#8211; F\u00fchrung &#8211; Einbeziehung der Mitarbeiter &#8211; Prozessorientierung &#8211; Systemorientierung &#8211; St\u00e4ndige Verbesserung &#8211; Sachbezogener Ansatz [&hellip;]<\/p>\n","protected":false},"author":1,"featured_media":0,"parent":0,"menu_order":4,"comment_status":"closed","ping_status":"closed","template":"","meta":{"footnotes":""},"class_list":["post-19","page","type-page","status-publish","hentry"],"_links":{"self":[{"href":"https:\/\/www.heratech.ch\/index.php?rest_route=\/wp\/v2\/pages\/19","targetHints":{"allow":["GET"]}}],"collection":[{"href":"https:\/\/www.heratech.ch\/index.php?rest_route=\/wp\/v2\/pages"}],"about":[{"href":"https:\/\/www.heratech.ch\/index.php?rest_route=\/wp\/v2\/types\/page"}],"author":[{"embeddable":true,"href":"https:\/\/www.heratech.ch\/index.php?rest_route=\/wp\/v2\/users\/1"}],"replies":[{"embeddable":true,"href":"https:\/\/www.heratech.ch\/index.php?rest_route=%2Fwp%2Fv2%2Fcomments&post=19"}],"version-history":[{"count":8,"href":"https:\/\/www.heratech.ch\/index.php?rest_route=\/wp\/v2\/pages\/19\/revisions"}],"predecessor-version":[{"id":637,"href":"https:\/\/www.heratech.ch\/index.php?rest_route=\/wp\/v2\/pages\/19\/revisions\/637"}],"wp:attachment":[{"href":"https:\/\/www.heratech.ch\/index.php?rest_route=%2Fwp%2Fv2%2Fmedia&parent=19"}],"curies":[{"name":"wp","href":"https:\/\/api.w.org\/{rel}","templated":true}]}}