{"id":21,"date":"2022-03-25T09:55:29","date_gmt":"2022-03-25T09:55:29","guid":{"rendered":"http:\/\/localhost\/yootheme-pro\/2019\/Balou\/Website_WP\/index.php\/our-story\/"},"modified":"2022-04-22T21:10:42","modified_gmt":"2022-04-22T21:10:42","slug":"ueber-uns","status":"publish","type":"page","link":"https:\/\/www.heratech.ch\/?page_id=21","title":{"rendered":"\u00dcber uns"},"content":{"rendered":"<h1>\u00dcber uns<\/h1>\n<h2>WIR VOLLENDEN, WAS MIT EINER KLUGEN IDEE BEGANN \u2026<\/h2>\n<div>\n<p>und bieten Ihnen 45-j\u00e4hrige Erfahrung auf dem Gebiet der Kunststofftechnologie, sowie in grosses Produktions-Know-How. Mit uns finden Sie bereits in der Anfangsphase Ihrer Ideen einen innovativen, kompetenten und zuverl\u00e4ssigen Partner der nicht nur mitdenkt, sondern Ihre W\u00fcnsche effizient umsetzt. Je fr\u00fcher Sie mit uns Kontakt aufnehmen, desto besser. Niemand kennt das herzustellende Produkt besser als Sie.<\/p>\n<p>Partnerschaften mit unseren Kunden sowie innovative Ideen f\u00fchren zur Qualit\u00e4t und Pr\u00e4zision unserer Dienstleistung.<\/p>\n<p>Durch eine genaue Planung der Prozesse im Vorfeld sind wir in der Lage, die optimalen Methoden zur Herstellung Ihres Produktes zu entwickeln. H\u00f6chste Kundenzufriedenheit ist dabei unser oberstes Ziel.<\/p>\n<p>Unsere Mitarbeiter, hochqualifizierte und motivierte Kunststoffspezialisten, begleiten Sie bis an die Grenze des technologisch Machbaren. Wir setzen Ihre Produktideen kompetent um, dabei verf\u00fcgen wir selbstverst\u00e4ndlich \u00fcber die erforderlichen Ressourcen und die n\u00f6tige Infrastruktur.<\/p>\n<\/div>\n<hr>\n<h2>UNSERE KERNTECHNOLOGIEN<\/h2>\n<div>&bullet; Kuststoffspritzguss f\u00fcr Elektrotechnik und chemischen Apparatebau<br \/>\n&bullet; Mikrospritzguss<br \/>\nTechnische Kunststoffteile mit und ohne Metalleigenheiten<br \/>\n &bullet; Hochtemperaturkunststoffe<br \/>\n&bullet; Montage von Baugruppen, vor allem Klein- und Kleinstserien<br \/>\n&bullet; Leitf\u00e4hige Kunststoffe und EMV-Abschirmungen mit dem HERA-SCHIELD\u00ae Verfahren<\/div>\n<p><!--more--><br \/>\n<!-- {\"name\":\"\\u00dcber uns\",\"type\":\"layout\",\"children\":[{\"type\":\"section\",\"props\":{\"style\":\"default\",\"width\":\"default\",\"vertical_align\":\"middle\",\"title_position\":\"top-left\",\"title_rotation\":\"left\",\"title_breakpoint\":\"xl\",\"image_position\":\"center-center\",\"padding\":\"large\",\"padding_remove_bottom\":false},\"children\":[{\"type\":\"row\",\"props\":{\"margin\":\"xlarge\"},\"children\":[{\"type\":\"column\",\"props\":{\"image_position\":\"center-center\",\"media_overlay_gradient\":\"\",\"width_medium\":\"1-1\",\"position_sticky_breakpoint\":\"m\"},\"children\":[{\"type\":\"headline\",\"props\":{\"title_element\":\"h1\",\"title_style\":\"h2\",\"text_align\":\"center\",\"content\":\"\\u00dcber uns\"}}]}]},{\"type\":\"row\",\"children\":[{\"type\":\"column\",\"props\":{\"image_position\":\"center-center\",\"media_overlay_gradient\":\"\",\"width_medium\":\"\",\"position_sticky_breakpoint\":\"m\"},\"children\":[{\"type\":\"headline\",\"props\":{\"title_element\":\"h2\",\"title_style\":\"h5\",\"content\":\"WIR VOLLENDEN, WAS MIT EINER KLUGEN IDEE BEGANN \\u2026\"}},{\"type\":\"text\",\"props\":{\"margin\":\"default\",\"column_breakpoint\":\"m\",\"content\":\"\n\n<p>und bieten Ihnen 45-j\\u00e4hrige Erfahrung auf dem Gebiet der Kunststofftechnologie, sowie in grosses Produktions-Know-How. Mit uns finden Sie bereits in der Anfangsphase Ihrer Ideen einen innovativen, kompetenten und zuverl\\u00e4ssigen Partner der nicht nur mitdenkt, sondern Ihre W\\u00fcnsche effizient umsetzt. Je fr\\u00fcher Sie mit uns Kontakt aufnehmen, desto besser. Niemand kennt das herzustellende Produkt besser als Sie.<br \\\/><br \\\/>Partnerschaften mit unseren Kunden sowie innovative Ideen f\\u00fchren zur Qualit\\u00e4t und Pr\\u00e4zision unserer Dienstleistung.<br \\\/><br \\\/>Durch eine genaue Planung der Prozesse im Vorfeld sind wir in der Lage, die optimalen Methoden zur Herstellung Ihres Produktes zu entwickeln. H\\u00f6chste Kundenzufriedenheit ist dabei unser oberstes Ziel.<br \\\/><br \\\/>Unsere Mitarbeiter, hochqualifizierte und motivierte Kunststoffspezialisten, begleiten Sie bis an die Grenze des technologisch Machbaren. Wir setzen Ihre Produktideen kompetent um, dabei verf\\u00fcgen wir selbstverst\\u00e4ndlich \\u00fcber die erforderlichen Ressourcen und die n\\u00f6tige Infrastruktur.<\\\/p>\"}}]}]},{\"type\":\"row\",\"props\":{\"margin\":\"large\",\"id\":\"exchanges-returns\"},\"children\":[{\"type\":\"column\",\"props\":{\"image_position\":\"center-center\",\"media_overlay_gradient\":\"\",\"width_medium\":\"1-1\",\"position_sticky_breakpoint\":\"m\"},\"children\":[{\"type\":\"divider\",\"props\":{\"divider_element\":\"hr\",\"divider_style\":\"\",\"divider_align\":\"\",\"divider_align_breakpoint\":\"\",\"divider_align_fallback\":\"\"}}]}]},{\"type\":\"row\",\"children\":[{\"type\":\"column\",\"props\":{\"image_position\":\"center-center\",\"media_overlay_gradient\":\"\",\"width_medium\":\"\",\"position_sticky_breakpoint\":\"m\"},\"children\":[{\"type\":\"headline\",\"props\":{\"title_element\":\"h2\",\"title_style\":\"h5\",\"content\":\"UNSERE KERNTECHNOLOGIEN\"}},{\"type\":\"text\",\"props\":{\"margin\":\"default\",\"column_breakpoint\":\"m\",\"content\":\"&bullet; Kuststoffspritzguss f\\u00fcr Elektrotechnik und chemischen Apparatebau<br \/>\\n&bullet; Mikrospritzguss\\nTechnische Kunststoffteile mit und ohne Metalleigenheiten<br \/>\\n &bullet; Hochtemperaturkunststoffe<br \/>\\n&bullet; Montage von Baugruppen, vor allem Klein- und Kleinstserien<br \/>\\n&bullet; Leitf\\u00e4hige Kunststoffe und EMV-Abschirmungen mit dem HERA-SCHIELD\\u00ae Verfahren\"}},{\"type\":\"totop\",\"props\":{\"title_grid_column_gap\":\"small\",\"title_grid_row_gap\":\"small\",\"margin\":\"default\",\"text_align\":\"right\"}}]}]}],\"name\":\"\\u00dcber uns\"}],\"version\":\"2.4.1\"} --><\/p>\n","protected":false},"excerpt":{"rendered":"<p>\u00dcber uns WIR VOLLENDEN, WAS MIT EINER KLUGEN IDEE BEGANN \u2026 und bieten Ihnen 45-j\u00e4hrige Erfahrung auf dem Gebiet der Kunststofftechnologie, sowie in grosses Produktions-Know-How. Mit uns finden Sie bereits in der Anfangsphase Ihrer Ideen einen innovativen, kompetenten und zuverl\u00e4ssigen Partner der nicht nur mitdenkt, sondern Ihre W\u00fcnsche effizient umsetzt. Je fr\u00fcher Sie mit uns [&hellip;]<\/p>\n","protected":false},"author":1,"featured_media":0,"parent":0,"menu_order":6,"comment_status":"closed","ping_status":"closed","template":"","meta":{"footnotes":""},"class_list":["post-21","page","type-page","status-publish","hentry"],"_links":{"self":[{"href":"https:\/\/www.heratech.ch\/index.php?rest_route=\/wp\/v2\/pages\/21","targetHints":{"allow":["GET"]}}],"collection":[{"href":"https:\/\/www.heratech.ch\/index.php?rest_route=\/wp\/v2\/pages"}],"about":[{"href":"https:\/\/www.heratech.ch\/index.php?rest_route=\/wp\/v2\/types\/page"}],"author":[{"embeddable":true,"href":"https:\/\/www.heratech.ch\/index.php?rest_route=\/wp\/v2\/users\/1"}],"replies":[{"embeddable":true,"href":"https:\/\/www.heratech.ch\/index.php?rest_route=%2Fwp%2Fv2%2Fcomments&post=21"}],"version-history":[{"count":14,"href":"https:\/\/www.heratech.ch\/index.php?rest_route=\/wp\/v2\/pages\/21\/revisions"}],"predecessor-version":[{"id":627,"href":"https:\/\/www.heratech.ch\/index.php?rest_route=\/wp\/v2\/pages\/21\/revisions\/627"}],"wp:attachment":[{"href":"https:\/\/www.heratech.ch\/index.php?rest_route=%2Fwp%2Fv2%2Fmedia&parent=21"}],"curies":[{"name":"wp","href":"https:\/\/api.w.org\/{rel}","templated":true}]}}