{"id":376,"date":"2022-04-01T12:30:49","date_gmt":"2022-04-01T12:30:49","guid":{"rendered":"https:\/\/www.heratech.ch\/?page_id=376"},"modified":"2022-04-22T21:21:32","modified_gmt":"2022-04-22T21:21:32","slug":"impressum","status":"publish","type":"page","link":"https:\/\/www.heratech.ch\/?page_id=376","title":{"rendered":"Impressum"},"content":{"rendered":"<h1>Impressum<\/h1>\n<div>Der Inhalt dieser Webseite ist nach geltendem Urheberrecht gesch\u00fctzt.<br \/>\nBenutzer d\u00fcrfen eine Einzelkopie des Inhalts f\u00fcr eigene pers\u00f6nliche, nicht gewerbliche Zwecke, ausdrucken. Dar\u00fcber hinaus gehendes Vervielfachen, Verbreiten oder Publizieren von Teilen der Internetseite ist untersagt.<br \/>\nTrotz sorgf\u00e4ltiger inhaltlicher Kontrolle \u00fcbernehmen wir keine Haftung f\u00fcr die Inhalte externer Links. F\u00fcr den Inhalt einer verlinkten Seite ist ausschliesslich deren Betreiber verantwortlich.<\/div>\n<hr>\n<h2>HERA LYSS GMBH, KUNSTSTOFFTECHNOLOGIE<\/h2>\n<ul>\n<li>\n<h3> Gesch\u00e4ftsf\u00fchrung:<\/h3>\n<p>Administration<\/p>\n<div>Monika Isch (-Boosen)<\/div>\n<\/li>\n<li>\n<h3> Gesch\u00e4ftsf\u00fchrung:<\/h3>\n<p>Leiterin Produktion<\/p>\n<div>Ursula Nwaogwugwu-Stotzer<\/div>\n<\/li>\n<li>\n<h3>Handelsregister:<\/h3>\n<div>CH-036.4.083.865-3 &#8211; Eingetragen am 21.12.2020<\/div>\n<\/li>\n<li>\n<h3>Schweizer MwSt. Nr.:<\/h3>\n<div>CHE-390.046.986<\/div>\n<\/li>\n<li>\n<h3>Zertifizierung:<\/h3>\n<div>SN EN ISO 9001 : 2015 &#8211; Nr. CH10421715<\/div>\n<\/li>\n<li>\n<p><a href=\"\/index.php?page_id=429\">Allgemeine Gesch\u00e4ftsbedingungen (Stand 2020\/21)<\/a><\/p>\n<\/li>\n<\/ul>\n<h4>ISO 9001 ZERTIFIZIERT<\/h4>\n<p><a href=\"\/index.php?page_id=19\"><img decoding=\"async\" src=\"\/wp-content\/uploads\/ISO_9001-1024x556-1.gif\" alt=\"ISO 9001 ZERTIFIZIERT\"><\/a><\/p>\n<p><!--more--><br \/>\n<!-- {\"name\":\"FAQ\",\"type\":\"layout\",\"children\":[{\"type\":\"section\",\"props\":{\"style\":\"default\",\"width\":\"default\",\"vertical_align\":\"middle\",\"title_position\":\"top-left\",\"title_rotation\":\"left\",\"title_breakpoint\":\"xl\",\"image_position\":\"center-center\",\"padding\":\"large\",\"padding_remove_bottom\":true,\"height\":\"full\",\"padding_remove_top\":true},\"children\":[{\"type\":\"row\",\"props\":{\"margin\":\"xlarge\"},\"children\":[{\"type\":\"column\",\"props\":{\"image_position\":\"center-center\",\"media_overlay_gradient\":\"\",\"width_medium\":\"1-1\",\"position_sticky_breakpoint\":\"m\"},\"children\":[{\"type\":\"headline\",\"props\":{\"title_element\":\"h1\",\"title_style\":\"h2\",\"text_align\":\"center\",\"content\":\"Impressum\"}}]}]},{\"type\":\"row\",\"children\":[{\"type\":\"column\",\"props\":{\"image_position\":\"center-center\",\"media_overlay_gradient\":\"\",\"width_medium\":\"\",\"position_sticky_breakpoint\":\"m\"},\"children\":[{\"type\":\"text\",\"props\":{\"margin\":\"default\",\"column_breakpoint\":\"m\",\"content\":\"Der Inhalt dieser Webseite ist nach geltendem Urheberrecht gesch\\u00fctzt.\\nBenutzer d\\u00fcrfen eine Einzelkopie des Inhalts f\\u00fcr eigene pers\\u00f6nliche, nicht gewerbliche Zwecke, ausdrucken. Dar\\u00fcber hinaus gehendes Vervielfachen, Verbreiten oder Publizieren von Teilen der Internetseite ist untersagt.\\nTrotz sorgf\\u00e4ltiger inhaltlicher Kontrolle \\u00fcbernehmen wir keine Haftung f\\u00fcr die Inhalte externer Links. F\\u00fcr den Inhalt einer verlinkten Seite ist ausschliesslich deren Betreiber verantwortlich.\"}}]}]},{\"type\":\"row\",\"props\":{\"margin\":\"large\",\"id\":\"orders-shipping\"},\"children\":[{\"type\":\"column\",\"props\":{\"image_position\":\"center-center\",\"media_overlay_gradient\":\"\",\"width_medium\":\"1-1\",\"position_sticky_breakpoint\":\"m\"},\"children\":[{\"type\":\"divider\",\"props\":{\"divider_element\":\"hr\",\"divider_style\":\"\",\"divider_align\":\"\",\"divider_align_breakpoint\":\"\",\"divider_align_fallback\":\"\"}}]}]},{\"type\":\"row\",\"children\":[{\"type\":\"column\",\"props\":{\"image_position\":\"center-center\",\"media_overlay_gradient\":\"\",\"width_medium\":\"3-4\",\"position_sticky_breakpoint\":\"m\"},\"children\":[{\"type\":\"headline\",\"props\":{\"title_element\":\"h2\",\"title_style\":\"h5\",\"content\":\"HERA LYSS GMBH, KUNSTSTOFFTECHNOLOGIE\"}},{\"type\":\"description_list\",\"props\":{\"show_title\":true,\"show_meta\":true,\"show_content\":true,\"show_link\":true,\"layout\":\"grid-2\",\"meta_style\":\"meta\",\"meta_align\":\"below-content\",\"title_style\":\"h6\",\"title_color\":\"muted\",\"list_size\":\"large\",\"title_grid_column_gap\":\"\",\"title_grid_row_gap\":\"\",\"title_grid_breakpoint\":\"s\",\"title_grid_width\":\"medium\",\"title_element\":\"h3\",\"list_element\":\"ul\",\"column_breakpoint\":\"m\"},\"children\":[{\"type\":\"description_list_item\",\"props\":{\"title\":\" Gesch\\u00e4ftsf\\u00fchrung:\",\"content\":\"Monika Isch (-Boosen)\",\"meta\":\"Administration\"}},{\"type\":\"description_list_item\",\"props\":{\"title\":\" Gesch\\u00e4ftsf\\u00fchrung:\",\"content\":\"Ursula Nwaogwugwu-Stotzer\",\"meta\":\"Leiterin Produktion\"}},{\"type\":\"description_list_item\",\"props\":{\"title\":\"Handelsregister:\",\"content\":\"CH-036.4.083.865-3 - Eingetragen am 21.12.2020\",\"meta\":\"\"}},{\"type\":\"description_list_item\",\"props\":{\"title\":\"Schweizer MwSt. Nr.:\",\"content\":\"CHE-390.046.986\",\"meta\":\"\"}},{\"type\":\"description_list_item\",\"props\":{\"title\":\"Zertifizierung:\",\"content\":\"SN EN ISO 9001 : 2015 - Nr. CH10421715\",\"meta\":\"\"}},{\"type\":\"description_list_item\",\"props\":{\"title\":\"\",\"content\":\"Allgemeine Gesch\\u00e4ftsbedingungen (Stand 2020\\\/21)\",\"meta\":\"\",\"link\":\"index.php?page_id=429\"}}]}]},{\"type\":\"column\",\"props\":{\"position_sticky_breakpoint\":\"m\",\"image_position\":\"center-center\",\"media_overlay_gradient\":\"\",\"width_medium\":\"1-4\"},\"children\":[{\"type\":\"headline\",\"props\":{\"title_element\":\"h4\",\"content\":\"ISO 9001 ZERTIFIZIERT\",\"title_style\":\"h4\",\"animation\":\"fade\",\"text_align\":\"center\",\"title_color\":\"danger\",\"margin_remove_top\":false}},{\"type\":\"image\",\"props\":{\"margin\":\"default\",\"image_svg_color\":\"emphasis\",\"image\":\"wp-content\\\/uploads\\\/ISO_9001-1024x556-1.gif\",\"image_alt\":\"ISO 9001 ZERTIFIZIERT\",\"link\":\"index.php?page_id=19\",\"maxwidth\":\"large\",\"block_align\":\"center\",\"text_align\":\"center\",\"animation\":\"fade\"}}]}],\"props\":{\"layout\":\"3-4,1-4\",\"margin_remove_bottom\":false,\"margin_remove_top\":false}},{\"type\":\"row\",\"children\":[{\"type\":\"column\",\"props\":{\"image_position\":\"center-center\",\"media_overlay_gradient\":\"\"},\"children\":[{\"type\":\"totop\",\"props\":{\"title_grid_column_gap\":\"small\",\"title_grid_row_gap\":\"small\",\"margin\":\"default\",\"text_align\":\"right\"}}]}]}],\"name\":\"Impressum\"}],\"version\":\"2.4.1\"} --><\/p>\n","protected":false},"excerpt":{"rendered":"<p>Impressum Der Inhalt dieser Webseite ist nach geltendem Urheberrecht gesch\u00fctzt. Benutzer d\u00fcrfen eine Einzelkopie des Inhalts f\u00fcr eigene pers\u00f6nliche, nicht gewerbliche Zwecke, ausdrucken. Dar\u00fcber hinaus gehendes Vervielfachen, Verbreiten oder Publizieren von Teilen der Internetseite ist untersagt. Trotz sorgf\u00e4ltiger inhaltlicher Kontrolle \u00fcbernehmen wir keine Haftung f\u00fcr die Inhalte externer Links. F\u00fcr den Inhalt einer verlinkten Seite [&hellip;]<\/p>\n","protected":false},"author":1,"featured_media":0,"parent":0,"menu_order":8,"comment_status":"closed","ping_status":"closed","template":"","meta":{"footnotes":""},"class_list":["post-376","page","type-page","status-publish","hentry"],"_links":{"self":[{"href":"https:\/\/www.heratech.ch\/index.php?rest_route=\/wp\/v2\/pages\/376","targetHints":{"allow":["GET"]}}],"collection":[{"href":"https:\/\/www.heratech.ch\/index.php?rest_route=\/wp\/v2\/pages"}],"about":[{"href":"https:\/\/www.heratech.ch\/index.php?rest_route=\/wp\/v2\/types\/page"}],"author":[{"embeddable":true,"href":"https:\/\/www.heratech.ch\/index.php?rest_route=\/wp\/v2\/users\/1"}],"replies":[{"embeddable":true,"href":"https:\/\/www.heratech.ch\/index.php?rest_route=%2Fwp%2Fv2%2Fcomments&post=376"}],"version-history":[{"count":26,"href":"https:\/\/www.heratech.ch\/index.php?rest_route=\/wp\/v2\/pages\/376\/revisions"}],"predecessor-version":[{"id":640,"href":"https:\/\/www.heratech.ch\/index.php?rest_route=\/wp\/v2\/pages\/376\/revisions\/640"}],"wp:attachment":[{"href":"https:\/\/www.heratech.ch\/index.php?rest_route=%2Fwp%2Fv2%2Fmedia&parent=376"}],"curies":[{"name":"wp","href":"https:\/\/api.w.org\/{rel}","templated":true}]}}